{"id":2998,"date":"2024-04-09T15:37:44","date_gmt":"2024-04-09T22:37:44","guid":{"rendered":"https:\/\/pinkshirtproject.ca\/?page_id=2998"},"modified":"2024-08-08T20:55:50","modified_gmt":"2024-08-09T03:55:50","slug":"ecole-secondaire-de-simonds","status":"publish","type":"page","link":"https:\/\/pinkshirtproject.ca\/fr\/simonds-high-school\/","title":{"rendered":"\u00c9cole secondaire de Simonds"},"content":{"rendered":"<p><div class=\"fusion-fullwidth fullwidth-box fusion-builder-row-1 fusion-flex-container has-pattern-background has-mask-background nonhundred-percent-fullwidth non-hundred-percent-height-scrolling\" style=\"--awb-border-radius-top-left:0px;--awb-border-radius-top-right:0px;--awb-border-radius-bottom-right:0px;--awb-border-radius-bottom-left:0px;--awb-padding-top:20px;--awb-padding-bottom:20px;--awb-flex-wrap:wrap;\" ><div class=\"fusion-builder-row fusion-row fusion-flex-align-items-flex-start fusion-flex-content-wrap\" style=\"max-width:1216.8px;margin-left: calc(-4% \/ 2 );margin-right: calc(-4% \/ 2 );\"><div class=\"fusion-layout-column fusion_builder_column fusion-builder-column-0 fusion_builder_column_1_1 1_1 fusion-flex-column\" style=\"--awb-padding-top:0px;--awb-padding-right:0px;--awb-padding-bottom:0px;--awb-padding-left:0px;--awb-bg-size:cover;--awb-width-large:100%;--awb-margin-top-large:15px;--awb-spacing-right-large:1.92%;--awb-margin-bottom-large:0px;--awb-spacing-left-large:1.92%;--awb-width-medium:100%;--awb-order-medium:0;--awb-spacing-right-medium:1.92%;--awb-spacing-left-medium:1.92%;--awb-width-small:100%;--awb-order-small:0;--awb-spacing-right-small:1.92%;--awb-spacing-left-small:1.92%;\" data-scroll-devices=\"small-visibility,medium-visibility,large-visibility\"><div class=\"fusion-column-wrapper fusion-column-has-shadow fusion-flex-justify-content-flex-start fusion-content-layout-column\"><div class=\"fusion-title title fusion-title-1 fusion-sep-none fusion-title-center fusion-title-text fusion-title-size-one\" style=\"--awb-text-color:#000000;\"><h1 class=\"fusion-title-heading title-heading-center fusion-responsive-typography-calculated\" style=\"font-family:&quot;DM Serif Display&quot;;font-style:normal;font-weight:400;margin:0;--fontSize:60;line-height:1.4;\">\u00c9cole secondaire de Simonds<\/h1><\/div><\/div><\/div><\/div><\/div><div class=\"fusion-fullwidth fullwidth-box fusion-builder-row-2 fusion-flex-container nonhundred-percent-fullwidth non-hundred-percent-height-scrolling\" style=\"--awb-border-radius-top-left:0px;--awb-border-radius-top-right:0px;--awb-border-radius-bottom-right:0px;--awb-border-radius-bottom-left:0px;--awb-flex-wrap:wrap;\" ><div class=\"fusion-builder-row fusion-row fusion-flex-align-items-flex-start fusion-flex-content-wrap\" style=\"max-width:1216.8px;margin-left: calc(-4% \/ 2 );margin-right: calc(-4% \/ 2 );\"><div class=\"fusion-layout-column fusion_builder_column fusion-builder-column-1 fusion_builder_column_1_2 1_2 fusion-flex-column\" style=\"--awb-bg-size:cover;--awb-width-large:50%;--awb-margin-top-large:0px;--awb-spacing-right-large:3.84%;--awb-margin-bottom-large:0px;--awb-spacing-left-large:3.84%;--awb-width-medium:100%;--awb-order-medium:0;--awb-spacing-right-medium:1.92%;--awb-spacing-left-medium:1.92%;--awb-width-small:100%;--awb-order-small:0;--awb-spacing-right-small:1.92%;--awb-spacing-left-small:1.92%;\"><div class=\"fusion-column-wrapper fusion-column-has-shadow fusion-flex-justify-content-flex-start fusion-content-layout-column\"><div class=\"fusion-image-element\" style=\"text-align:center;--awb-caption-title-font-family:var(--h2_typography-font-family);--awb-caption-title-font-weight:var(--h2_typography-font-weight);--awb-caption-title-font-style:var(--h2_typography-font-style);--awb-caption-title-size:var(--h2_typography-font-size);--awb-caption-title-transform:var(--h2_typography-text-transform);--awb-caption-title-line-height:var(--h2_typography-line-height);--awb-caption-title-letter-spacing:var(--h2_typography-letter-spacing);\"><span class=\"fusion-imageframe imageframe-none imageframe-1 hover-type-none\"><img decoding=\"async\" width=\"250\" height=\"250\" title=\"photo-logo-simonds\" src=\"http:\/\/pinkshirtproject.ca\/wp-content\/uploads\/2024\/04\/photo-logo-simonds.png\" alt class=\"img-responsive wp-image-2889\" srcset=\"https:\/\/pinkshirtproject.ca\/wp-content\/uploads\/2024\/04\/photo-logo-simonds-200x200.png 200w, https:\/\/pinkshirtproject.ca\/wp-content\/uploads\/2024\/04\/photo-logo-simonds.png 250w\" sizes=\"(max-width: 1024px) 100vw, (max-width: 640px) 100vw, 250px\" \/><\/span><\/div><div class=\"fusion-image-element\" style=\"--awb-caption-title-font-family:var(--h2_typography-font-family);--awb-caption-title-font-weight:var(--h2_typography-font-weight);--awb-caption-title-font-style:var(--h2_typography-font-style);--awb-caption-title-size:var(--h2_typography-font-size);--awb-caption-title-transform:var(--h2_typography-text-transform);--awb-caption-title-line-height:var(--h2_typography-line-height);--awb-caption-title-letter-spacing:var(--h2_typography-letter-spacing);\"><span class=\"fusion-imageframe imageframe-none imageframe-2 hover-type-none\"><img decoding=\"async\" width=\"900\" height=\"503\" title=\"\u00e9cole-photo-simonds1\" src=\"http:\/\/pinkshirtproject.ca\/wp-content\/uploads\/2024\/04\/school-photo-simonds1.png\" alt class=\"img-responsive wp-image-3004\" srcset=\"https:\/\/pinkshirtproject.ca\/wp-content\/uploads\/2024\/04\/school-photo-simonds1-200x112.png 200w, https:\/\/pinkshirtproject.ca\/wp-content\/uploads\/2024\/04\/school-photo-simonds1-400x224.png 400w, https:\/\/pinkshirtproject.ca\/wp-content\/uploads\/2024\/04\/school-photo-simonds1-600x335.png 600w, https:\/\/pinkshirtproject.ca\/wp-content\/uploads\/2024\/04\/school-photo-simonds1-800x447.png 800w, https:\/\/pinkshirtproject.ca\/wp-content\/uploads\/2024\/04\/school-photo-simonds1.png 900w\" sizes=\"(max-width: 1024px) 100vw, (max-width: 640px) 100vw, 600px\" \/><\/span><\/div><div class=\"fusion-separator fusion-full-width-sep\" style=\"align-self: center;margin-left: auto;margin-right: auto;margin-bottom:20px;width:100%;\"><\/div><div style=\"text-align:center;\"><a class=\"fusion-button button-flat fusion-button-default-size button-custom fusion-button-default button-1 fusion-button-default-span fusion-button-default-type fusion-has-button-gradient\" style=\"--button_accent_color:#ffffff;--button_border_color:#ff3399;--button_accent_hover_color:#105378;--button_border_hover_color:#105378;--button_gradient_top_color:#ff3399;--button_gradient_bottom_color:#ff3399;--button_gradient_top_color_hover:#5aabd6;--button_gradient_bottom_color_hover:#90c9e8;\" target=\"_blank\" rel=\"noopener noreferrer\" href=\"http:\/\/pinkshirtproject.ca\/wp-content\/uploads\/2024\/04\/Molly-and-Kaila-Breakfast-Club.pdf\"><span class=\"fusion-button-text awb-button__text awb-button__text--default fusion-button-text-right\">Lire la pr\u00e9sentation<\/span><span class=\"fusion-button-icon-divider button-icon-divider-right\"><i class=\"fa-file-pdf fas awb-button__icon awb-button__icon--default\" aria-hidden=\"true\"><\/i><\/span><\/a><\/div><\/div><\/div><div class=\"fusion-layout-column fusion_builder_column fusion-builder-column-2 fusion_builder_column_1_2 1_2 fusion-flex-column\" style=\"--awb-bg-size:cover;--awb-width-large:50%;--awb-margin-top-large:0px;--awb-spacing-right-large:3.84%;--awb-margin-bottom-large:0px;--awb-spacing-left-large:3.84%;--awb-width-medium:100%;--awb-order-medium:0;--awb-spacing-right-medium:1.92%;--awb-spacing-left-medium:1.92%;--awb-width-small:100%;--awb-order-small:0;--awb-spacing-right-small:1.92%;--awb-spacing-left-small:1.92%;\"><div class=\"fusion-column-wrapper fusion-column-has-shadow fusion-flex-justify-content-flex-start fusion-content-layout-column\"><div class=\"fusion-text fusion-text-1\"><p><strong>Nom de l'\u00e9cole :<\/strong><br \/>\n\u00c9cole secondaire de Simonds<\/p>\n<p><strong>Ville, Province :<\/strong><br \/>\nSaint John, Nouveau-Brunswick<\/p>\n<p><strong>Projets<\/strong><br \/>\nProjets individuels et projets de partenariat : Les \u00e9tudiants ont cr\u00e9\u00e9 des projets qui relient leur projet de chemise rose \u00e0 un ou plusieurs des 17 objectifs de d\u00e9veloppement durable des Nations unies afin de lutter contre les probl\u00e8mes de leur communaut\u00e9.<\/p>\n<ul>\n<li><em>Affiches sur la sant\u00e9 mentale<\/em>: L'\u00e9l\u00e8ve a r\u00e9alis\u00e9 un projet sur la promotion de la sant\u00e9 mentale au lyc\u00e9e par le biais d'affiches et d'affirmations - elle a \u00e9galement cr\u00e9\u00e9 une enqu\u00eate pour accompagner le projet.<\/li>\n<li><em>Club du petit d\u00e9jeuner<\/em>: Les \u00e9l\u00e8ves ont r\u00e9alis\u00e9 un projet sur la cr\u00e9ation d'un club de petit-d\u00e9jeuner qui aidera \u00e0 nourrir les \u00e9l\u00e8ves qui vivent dans des foyers collectifs ou dans des situations o\u00f9 il est difficile d'avoir une chance de manger le matin, ce qui peut inclure le fait de vivre dans des familles nombreuses ou d'\u00eatre malade.<\/li>\n<li><em>Projet Faim Z\u00e9ro<\/em>: Les \u00e9tudiants ont montr\u00e9 leur soutien \u00e0 l'alimentation des sans-abri de leur communaut\u00e9 en pr\u00e9parant un copieux repas de riz frit au poulet qu'ils ont distribu\u00e9 dans les quartiers chics.<\/li>\n<\/ul>\n<\/div><\/div><\/div><div class=\"fusion-layout-column fusion_builder_column fusion-builder-column-3 fusion_builder_column_1_1 1_1 fusion-flex-column\" style=\"--awb-bg-size:cover;--awb-width-large:100%;--awb-margin-top-large:0px;--awb-spacing-right-large:1.92%;--awb-margin-bottom-large:0px;--awb-spacing-left-large:1.92%;--awb-width-medium:100%;--awb-order-medium:0;--awb-spacing-right-medium:1.92%;--awb-spacing-left-medium:1.92%;--awb-width-small:100%;--awb-order-small:0;--awb-spacing-right-small:1.92%;--awb-spacing-left-small:1.92%;\"><div class=\"fusion-column-wrapper fusion-column-has-shadow fusion-flex-justify-content-flex-start fusion-content-layout-column\"><div class=\"fusion-separator fusion-full-width-sep\" style=\"align-self: center;margin-left: auto;margin-right: auto;margin-bottom:20px;width:100%;\"><\/div><iframe src=\"https:\/\/www.google.com\/maps\/embed?pb=!1m18!1m12!1m3!1d2806.4766333987404!2d-65.99515362355737!3d45.29879664445918!2m3!1f0!2f0!3f0!3m2!1i1024!2i768!4f13.1!3m3!1m2!1s0x4ca7b23665813aff%3A0x29b318a7ee3024f3!2sSimonds%20High%20School!5e0!3m2!1sen!2sca!4v1712702311953!5m2!1sen!2sca\" width=\"100%\" height=\"400\" style=\"border:0;\" allowfullscreen=\"\" loading=\"lazy\" referrerpolicy=\"no-referrer-when-downgrade\"><\/iframe><div class=\"fusion-separator fusion-full-width-sep\" style=\"align-self: center;margin-left: auto;margin-right: auto;margin-bottom:40px;width:100%;\"><\/div><\/div><\/div><\/div><\/div><div class=\"fusion-fullwidth fullwidth-box fusion-builder-row-3 fusion-flex-container nonhundred-percent-fullwidth non-hundred-percent-height-scrolling\" style=\"--awb-border-radius-top-left:0px;--awb-border-radius-top-right:0px;--awb-border-radius-bottom-right:0px;--awb-border-radius-bottom-left:0px;--awb-flex-wrap:wrap;\" ><\/div><\/p>","protected":false},"excerpt":{"rendered":"","protected":false},"author":1,"featured_media":0,"parent":0,"menu_order":0,"comment_status":"closed","ping_status":"closed","template":"100-width.php","meta":{"footnotes":""},"class_list":["post-2998","page","type-page","status-publish","hentry"],"_links":{"self":[{"href":"https:\/\/pinkshirtproject.ca\/fr\/wp-json\/wp\/v2\/pages\/2998","targetHints":{"allow":["GET"]}}],"collection":[{"href":"https:\/\/pinkshirtproject.ca\/fr\/wp-json\/wp\/v2\/pages"}],"about":[{"href":"https:\/\/pinkshirtproject.ca\/fr\/wp-json\/wp\/v2\/types\/page"}],"author":[{"embeddable":true,"href":"https:\/\/pinkshirtproject.ca\/fr\/wp-json\/wp\/v2\/users\/1"}],"replies":[{"embeddable":true,"href":"https:\/\/pinkshirtproject.ca\/fr\/wp-json\/wp\/v2\/comments?post=2998"}],"version-history":[{"count":8,"href":"https:\/\/pinkshirtproject.ca\/fr\/wp-json\/wp\/v2\/pages\/2998\/revisions"}],"predecessor-version":[{"id":3163,"href":"https:\/\/pinkshirtproject.ca\/fr\/wp-json\/wp\/v2\/pages\/2998\/revisions\/3163"}],"wp:attachment":[{"href":"https:\/\/pinkshirtproject.ca\/fr\/wp-json\/wp\/v2\/media?parent=2998"}],"curies":[{"name":"wp","href":"https:\/\/api.w.org\/{rel}","templated":true}]}}