{"id":2949,"date":"2024-04-09T12:45:36","date_gmt":"2024-04-09T19:45:36","guid":{"rendered":"https:\/\/pinkshirtproject.ca\/?page_id=2949"},"modified":"2024-08-08T20:50:23","modified_gmt":"2024-08-09T03:50:23","slug":"ecole-publique-senator-gibson","status":"publish","type":"page","link":"https:\/\/pinkshirtproject.ca\/fr\/senator-gibson-public-school\/","title":{"rendered":"\u00c9cole publique Senator Gibson"},"content":{"rendered":"<p><div class=\"fusion-fullwidth fullwidth-box fusion-builder-row-1 fusion-flex-container has-pattern-background has-mask-background nonhundred-percent-fullwidth non-hundred-percent-height-scrolling\" style=\"--awb-border-radius-top-left:0px;--awb-border-radius-top-right:0px;--awb-border-radius-bottom-right:0px;--awb-border-radius-bottom-left:0px;--awb-padding-top:20px;--awb-padding-bottom:20px;--awb-flex-wrap:wrap;\" ><div class=\"fusion-builder-row fusion-row fusion-flex-align-items-flex-start fusion-flex-content-wrap\" style=\"max-width:1216.8px;margin-left: calc(-4% \/ 2 );margin-right: calc(-4% \/ 2 );\"><div class=\"fusion-layout-column fusion_builder_column fusion-builder-column-0 fusion_builder_column_1_1 1_1 fusion-flex-column\" style=\"--awb-padding-top:0px;--awb-padding-right:0px;--awb-padding-bottom:0px;--awb-padding-left:0px;--awb-bg-size:cover;--awb-width-large:100%;--awb-margin-top-large:15px;--awb-spacing-right-large:1.92%;--awb-margin-bottom-large:0px;--awb-spacing-left-large:1.92%;--awb-width-medium:100%;--awb-order-medium:0;--awb-spacing-right-medium:1.92%;--awb-spacing-left-medium:1.92%;--awb-width-small:100%;--awb-order-small:0;--awb-spacing-right-small:1.92%;--awb-spacing-left-small:1.92%;\" data-scroll-devices=\"small-visibility,medium-visibility,large-visibility\"><div class=\"fusion-column-wrapper fusion-column-has-shadow fusion-flex-justify-content-flex-start fusion-content-layout-column\"><div class=\"fusion-title title fusion-title-1 fusion-sep-none fusion-title-center fusion-title-text fusion-title-size-one\" style=\"--awb-text-color:#000000;\"><h1 class=\"fusion-title-heading title-heading-center fusion-responsive-typography-calculated\" style=\"font-family:&quot;DM Serif Display&quot;;font-style:normal;font-weight:400;margin:0;--fontSize:60;line-height:1.4;\">\u00c9cole publique Senator Gibson<\/h1><\/div><\/div><\/div><\/div><\/div><div class=\"fusion-fullwidth fullwidth-box fusion-builder-row-2 fusion-flex-container nonhundred-percent-fullwidth non-hundred-percent-height-scrolling\" style=\"--awb-border-radius-top-left:0px;--awb-border-radius-top-right:0px;--awb-border-radius-bottom-right:0px;--awb-border-radius-bottom-left:0px;--awb-flex-wrap:wrap;\" ><div class=\"fusion-builder-row fusion-row fusion-flex-align-items-flex-start fusion-flex-content-wrap\" style=\"max-width:1216.8px;margin-left: calc(-4% \/ 2 );margin-right: calc(-4% \/ 2 );\"><div class=\"fusion-layout-column fusion_builder_column fusion-builder-column-1 fusion_builder_column_1_2 1_2 fusion-flex-column\" style=\"--awb-bg-size:cover;--awb-width-large:50%;--awb-margin-top-large:0px;--awb-spacing-right-large:3.84%;--awb-margin-bottom-large:0px;--awb-spacing-left-large:3.84%;--awb-width-medium:100%;--awb-order-medium:0;--awb-spacing-right-medium:1.92%;--awb-spacing-left-medium:1.92%;--awb-width-small:100%;--awb-order-small:0;--awb-spacing-right-small:1.92%;--awb-spacing-left-small:1.92%;\"><div class=\"fusion-column-wrapper fusion-column-has-shadow fusion-flex-justify-content-flex-start fusion-content-layout-column\"><div class=\"fusion-image-element\" style=\"text-align:center;--awb-caption-title-font-family:var(--h2_typography-font-family);--awb-caption-title-font-weight:var(--h2_typography-font-weight);--awb-caption-title-font-style:var(--h2_typography-font-style);--awb-caption-title-size:var(--h2_typography-font-size);--awb-caption-title-transform:var(--h2_typography-text-transform);--awb-caption-title-line-height:var(--h2_typography-line-height);--awb-caption-title-letter-spacing:var(--h2_typography-letter-spacing);\"><span class=\"fusion-imageframe imageframe-none imageframe-1 hover-type-none\"><img decoding=\"async\" width=\"250\" height=\"250\" title=\"photo-logo-gators\" src=\"http:\/\/pinkshirtproject.ca\/wp-content\/uploads\/2024\/04\/photo-logo-gators.png\" alt class=\"img-responsive wp-image-2955\" srcset=\"https:\/\/pinkshirtproject.ca\/wp-content\/uploads\/2024\/04\/photo-logo-gators-200x200.png 200w, https:\/\/pinkshirtproject.ca\/wp-content\/uploads\/2024\/04\/photo-logo-gators.png 250w\" sizes=\"(max-width: 1024px) 100vw, (max-width: 640px) 100vw, 250px\" \/><\/span><\/div><div class=\"fusion-image-element\" style=\"--awb-caption-title-font-family:var(--h2_typography-font-family);--awb-caption-title-font-weight:var(--h2_typography-font-weight);--awb-caption-title-font-style:var(--h2_typography-font-style);--awb-caption-title-size:var(--h2_typography-font-size);--awb-caption-title-transform:var(--h2_typography-text-transform);--awb-caption-title-line-height:var(--h2_typography-line-height);--awb-caption-title-letter-spacing:var(--h2_typography-letter-spacing);\"><span class=\"fusion-imageframe imageframe-none imageframe-2 hover-type-none\"><img decoding=\"async\" width=\"1080\" height=\"529\" alt=\"\u00c9cole publique Senator Gibson\" title=\"\u00c9cole publique Senator Gibson\" src=\"http:\/\/pinkshirtproject.ca\/wp-content\/uploads\/2024\/04\/school-photo-senator1.png\" class=\"img-responsive wp-image-2960\" srcset=\"https:\/\/pinkshirtproject.ca\/wp-content\/uploads\/2024\/04\/school-photo-senator1-200x98.png 200w, https:\/\/pinkshirtproject.ca\/wp-content\/uploads\/2024\/04\/school-photo-senator1-400x196.png 400w, https:\/\/pinkshirtproject.ca\/wp-content\/uploads\/2024\/04\/school-photo-senator1-600x294.png 600w, https:\/\/pinkshirtproject.ca\/wp-content\/uploads\/2024\/04\/school-photo-senator1-800x392.png 800w, https:\/\/pinkshirtproject.ca\/wp-content\/uploads\/2024\/04\/school-photo-senator1.png 1080w\" sizes=\"(max-width: 1024px) 100vw, (max-width: 640px) 100vw, 600px\" \/><\/span><\/div><div class=\"fusion-separator fusion-full-width-sep\" style=\"align-self: center;margin-left: auto;margin-right: auto;margin-bottom:20px;width:100%;\"><\/div><div style=\"text-align:center;\"><a class=\"fusion-button button-flat fusion-button-default-size button-custom fusion-button-default button-1 fusion-button-default-span fusion-button-default-type fusion-has-button-gradient\" style=\"--button_accent_color:#ffffff;--button_border_color:#ff3399;--button_accent_hover_color:#105378;--button_border_hover_color:#105378;--button_gradient_top_color:#ff3399;--button_gradient_bottom_color:#ff3399;--button_gradient_top_color_hover:#5aabd6;--button_gradient_bottom_color_hover:#90c9e8;\" target=\"_blank\" rel=\"noopener noreferrer\" href=\"http:\/\/pinkshirtproject.ca\/wp-content\/uploads\/2024\/04\/Newsletter-PSP-at-DSBN-Mar-2024.pdf\"><span class=\"fusion-button-text awb-button__text awb-button__text--default fusion-button-text-right\">Cliquez ici pour en savoir plus<\/span><span class=\"fusion-button-icon-divider button-icon-divider-right\"><i class=\"fa-file-pdf fas awb-button__icon awb-button__icon--default\" aria-hidden=\"true\"><\/i><\/span><\/a><\/div><\/div><\/div><div class=\"fusion-layout-column fusion_builder_column fusion-builder-column-2 fusion_builder_column_1_2 1_2 fusion-flex-column\" style=\"--awb-bg-size:cover;--awb-width-large:50%;--awb-margin-top-large:0px;--awb-spacing-right-large:3.84%;--awb-margin-bottom-large:0px;--awb-spacing-left-large:3.84%;--awb-width-medium:100%;--awb-order-medium:0;--awb-spacing-right-medium:1.92%;--awb-spacing-left-medium:1.92%;--awb-width-small:100%;--awb-order-small:0;--awb-spacing-right-small:1.92%;--awb-spacing-left-small:1.92%;\"><div class=\"fusion-column-wrapper fusion-column-has-shadow fusion-flex-justify-content-flex-start fusion-content-layout-column\"><div class=\"fusion-text fusion-text-1\"><p><strong>Nom de l'\u00e9cole :<\/strong><br \/>\n\u00c9cole publique Senator Gibson<\/p>\n<p><strong>Ville, Province :<\/strong><br \/>\nNiagra, Ontario<\/p>\n<p><strong>Projets :<\/strong><br \/>\nEn collaboration avec le conseiller p\u00e9dagogique de l'\u00e9cole, les \u00e9l\u00e8ves ont r\u00e9fl\u00e9chi \u00e0 des id\u00e9es de projets et ont d\u00e9cid\u00e9 de se concentrer sur la gentillesse, plus pr\u00e9cis\u00e9ment sur la fa\u00e7on dont la gentillesse influe sur le bien-\u00eatre et le sentiment d'appartenance.<\/p>\n<p>Les \u00e9l\u00e8ves ont fait preuve d'un grand sens du leadership en donnant une le\u00e7on sur la gentillesse \u00e0 toutes les classes de l'\u00e9cole. Ils ont \u00e9galement eu l'id\u00e9e de cr\u00e9er un mur de la gentillesse compos\u00e9 de briques con\u00e7ues par les \u00e9l\u00e8ves pour montrer ce que la gentillesse signifie pour eux. Les 502 \u00e9l\u00e8ves ont tous particip\u00e9 ! Les \u00e9l\u00e8ves de 8e ann\u00e9e ont ensuite cr\u00e9\u00e9 une fresque dans l'\u00e9cole \u00e0 partir de toutes les briques de gentillesse, dans une d\u00e9monstration impressionnante de l'unit\u00e9 et des valeurs de la communaut\u00e9. Les \u00e9l\u00e8ves et le personnel s'arr\u00eatent r\u00e9guli\u00e8rement devant le mur de la gentillesse pour observer, lire et discuter des messages. Ce mur a permis de relier les \u00e9l\u00e8ves de la maternelle \u00e0 la huiti\u00e8me ann\u00e9e et montre que chaque individu est appr\u00e9ci\u00e9 et que sa voix est repr\u00e9sent\u00e9e.<\/p>\n<\/div><\/div><\/div><div class=\"fusion-layout-column fusion_builder_column fusion-builder-column-3 fusion_builder_column_1_1 1_1 fusion-flex-column\" style=\"--awb-bg-size:cover;--awb-width-large:100%;--awb-margin-top-large:0px;--awb-spacing-right-large:1.92%;--awb-margin-bottom-large:0px;--awb-spacing-left-large:1.92%;--awb-width-medium:100%;--awb-order-medium:0;--awb-spacing-right-medium:1.92%;--awb-spacing-left-medium:1.92%;--awb-width-small:100%;--awb-order-small:0;--awb-spacing-right-small:1.92%;--awb-spacing-left-small:1.92%;\"><div class=\"fusion-column-wrapper fusion-column-has-shadow fusion-flex-justify-content-flex-start fusion-content-layout-column\"><div class=\"fusion-separator fusion-full-width-sep\" style=\"align-self: center;margin-left: auto;margin-right: auto;margin-bottom:20px;width:100%;\"><\/div><iframe src=\"https:\/\/www.google.com\/maps\/embed?pb=!1m18!1m12!1m3!1d2909.841534161645!2d-79.47586372365163!3d43.17085038349387!2m3!1f0!2f0!3f0!3m2!1i1024!2i768!4f13.1!3m3!1m2!1s0x882cae752a968b05%3A0xfa65b977e1d2702!2sSenator%20Gibson%20Public%20School!5e0!3m2!1sen!2sca!4v1712692492244!5m2!1sen!2sca\" width=\"100%\" height=\"400\" style=\"border:0;\" allowfullscreen=\"\" loading=\"lazy\" referrerpolicy=\"no-referrer-when-downgrade\"><\/iframe><div class=\"fusion-separator fusion-full-width-sep\" style=\"align-self: center;margin-left: auto;margin-right: auto;margin-bottom:40px;width:100%;\"><\/div><\/div><\/div><\/div><\/div><div class=\"fusion-fullwidth fullwidth-box fusion-builder-row-3 fusion-flex-container nonhundred-percent-fullwidth non-hundred-percent-height-scrolling\" style=\"--awb-border-radius-top-left:0px;--awb-border-radius-top-right:0px;--awb-border-radius-bottom-right:0px;--awb-border-radius-bottom-left:0px;--awb-flex-wrap:wrap;\" ><\/div><\/p>","protected":false},"excerpt":{"rendered":"","protected":false},"author":1,"featured_media":0,"parent":0,"menu_order":0,"comment_status":"closed","ping_status":"closed","template":"100-width.php","meta":{"footnotes":""},"class_list":["post-2949","page","type-page","status-publish","hentry"],"_links":{"self":[{"href":"https:\/\/pinkshirtproject.ca\/fr\/wp-json\/wp\/v2\/pages\/2949","targetHints":{"allow":["GET"]}}],"collection":[{"href":"https:\/\/pinkshirtproject.ca\/fr\/wp-json\/wp\/v2\/pages"}],"about":[{"href":"https:\/\/pinkshirtproject.ca\/fr\/wp-json\/wp\/v2\/types\/page"}],"author":[{"embeddable":true,"href":"https:\/\/pinkshirtproject.ca\/fr\/wp-json\/wp\/v2\/users\/1"}],"replies":[{"embeddable":true,"href":"https:\/\/pinkshirtproject.ca\/fr\/wp-json\/wp\/v2\/comments?post=2949"}],"version-history":[{"count":9,"href":"https:\/\/pinkshirtproject.ca\/fr\/wp-json\/wp\/v2\/pages\/2949\/revisions"}],"predecessor-version":[{"id":3158,"href":"https:\/\/pinkshirtproject.ca\/fr\/wp-json\/wp\/v2\/pages\/2949\/revisions\/3158"}],"wp:attachment":[{"href":"https:\/\/pinkshirtproject.ca\/fr\/wp-json\/wp\/v2\/media?parent=2949"}],"curies":[{"name":"wp","href":"https:\/\/api.w.org\/{rel}","templated":true}]}}