{"id":2311,"date":"2022-01-20T10:21:12","date_gmt":"2022-01-20T18:21:12","guid":{"rendered":"http:\/\/pinkshirtproject.ca\/?page_id=2311"},"modified":"2022-01-20T10:24:19","modified_gmt":"2022-01-20T18:24:19","slug":"ce-que-nous-avons-fait-en-2021","status":"publish","type":"page","link":"https:\/\/pinkshirtproject.ca\/fr\/what-we-did-in-2021\/","title":{"rendered":"Ce que nous avons fait en 2021"},"content":{"rendered":"<div class=\"fusion-fullwidth fullwidth-box fusion-builder-row-1 fusion-flex-container nonhundred-percent-fullwidth non-hundred-percent-height-scrolling\" style=\"--awb-border-radius-top-left:0px;--awb-border-radius-top-right:0px;--awb-border-radius-bottom-right:0px;--awb-border-radius-bottom-left:0px;--awb-flex-wrap:wrap;\" ><div class=\"fusion-builder-row fusion-row fusion-flex-align-items-flex-start fusion-flex-content-wrap\" style=\"max-width:1216.8px;margin-left: calc(-4% \/ 2 );margin-right: calc(-4% \/ 2 );\"><div class=\"fusion-layout-column fusion_builder_column fusion-builder-column-0 fusion_builder_column_1_1 1_1 fusion-flex-column\" style=\"--awb-bg-size:cover;--awb-width-large:100%;--awb-margin-top-large:0px;--awb-spacing-right-large:1.92%;--awb-margin-bottom-large:0px;--awb-spacing-left-large:1.92%;--awb-width-medium:100%;--awb-spacing-right-medium:1.92%;--awb-spacing-left-medium:1.92%;--awb-width-small:100%;--awb-spacing-right-small:1.92%;--awb-spacing-left-small:1.92%;\"><div class=\"fusion-column-wrapper fusion-flex-justify-content-flex-start fusion-content-layout-column\"><div class=\"fusion-separator fusion-full-width-sep\" style=\"align-self: center;margin-left: auto;margin-right: auto;margin-top:25px;margin-bottom:5px;width:100%;\"><\/div><div class=\"fusion-title title fusion-title-1 fusion-sep-none fusion-title-center fusion-title-text fusion-title-size-one\" style=\"--awb-text-color:#ec008c;\"><h1 class=\"fusion-title-heading title-heading-center fusion-responsive-typography-calculated\" style=\"margin:0;--fontSize:60;line-height:1.4;\">Ce que nous avons fait en 2021<\/h1><\/div><a class=\"awb-lightbox awb-lightbox-1\" data-title=\"Pink Shirt Day 2021\" title=\"Journ\u00e9e de la chemise rose 2021\" href=\"http:\/\/pinkshirtproject.ca\/wp-content\/uploads\/2021\/07\/PSD-infographic-print-v4_2021.png\" data-caption=\"From seven provinces students, teachers and community leaders joined with Travis Price to sprinkle kindness.\" data-rel=\"iLightbox\"><img decoding=\"async\" src=\"http:\/\/pinkshirtproject.ca\/wp-content\/uploads\/2021\/07\/PSD-infographic-print-v4_2021.png\" alt=\"Journ\u00e9e de la chemise rose 2021 - Infographie\"><\/a><div class=\"fusion-text fusion-text-1\" style=\"--awb-text-transform:none;\"><h4 style=\"color: #8bd9d1;\">Merci d'avoir . . .<\/h4>\n<p class=\"_04xlpA direction-ltr align-start para-style-body\"><strong><span class=\"JsGRdQ\">La Journ\u00e9e de la chemise rose 2021 a suscit\u00e9 un grand int\u00e9r\u00eat, mais il s'agissait surtout d'un \u00e9v\u00e9nement en ligne r\u00e9ussi pour la premi\u00e8re fois.<\/span><\/strong><\/p>\n<p class=\"_04xlpA direction-ltr align-start para-style-body\"><span class=\"JsGRdQ\">Nous tenons \u00e0 remercier nos commanditaires, nos partenaires et les personnes qui se sont inscrites pour avoir fait de l'\u00e9v\u00e9nement en ligne inaugural de la Journ\u00e9e de la chemise rose 2021 un grand succ\u00e8s. <\/span><span style=\"background-color: rgba(255, 255, 255, 0); color: var(--body_typography-color); font-family: var(--body_typography-font-family); font-size: var(--body_typography-font-size); font-style: var(--body_typography-font-style,normal); font-weight: var(--body_typography-font-weight); letter-spacing: var(--body_typography-letter-spacing);\">Dans sept provinces, des \u00e9l\u00e8ves, des enseignants et des responsables communautaires se sont joints \u00e0 Travis Price pour r\u00e9pandre la bont\u00e9.<\/span><\/p>\n<p>Veuillez envoyer un courriel \u00e0 <a href=\"mailto:%20pinkshirtday@witsprogram.ca\">exec@witsprogram.ca<\/a> sur le parrainage de la Journ\u00e9e du maillot rose Canada 2022, et revenez ici tout au long de l'ann\u00e9e pour des mises \u00e0 jour.<\/p>\n<\/div><\/div><\/div><\/div><\/div>","protected":false},"excerpt":{"rendered":"","protected":false},"author":1,"featured_media":0,"parent":0,"menu_order":0,"comment_status":"closed","ping_status":"closed","template":"","meta":{"footnotes":""},"class_list":["post-2311","page","type-page","status-publish","hentry"],"_links":{"self":[{"href":"https:\/\/pinkshirtproject.ca\/fr\/wp-json\/wp\/v2\/pages\/2311","targetHints":{"allow":["GET"]}}],"collection":[{"href":"https:\/\/pinkshirtproject.ca\/fr\/wp-json\/wp\/v2\/pages"}],"about":[{"href":"https:\/\/pinkshirtproject.ca\/fr\/wp-json\/wp\/v2\/types\/page"}],"author":[{"embeddable":true,"href":"https:\/\/pinkshirtproject.ca\/fr\/wp-json\/wp\/v2\/users\/1"}],"replies":[{"embeddable":true,"href":"https:\/\/pinkshirtproject.ca\/fr\/wp-json\/wp\/v2\/comments?post=2311"}],"version-history":[{"count":3,"href":"https:\/\/pinkshirtproject.ca\/fr\/wp-json\/wp\/v2\/pages\/2311\/revisions"}],"predecessor-version":[{"id":2315,"href":"https:\/\/pinkshirtproject.ca\/fr\/wp-json\/wp\/v2\/pages\/2311\/revisions\/2315"}],"wp:attachment":[{"href":"https:\/\/pinkshirtproject.ca\/fr\/wp-json\/wp\/v2\/media?parent=2311"}],"curies":[{"name":"wp","href":"https:\/\/api.w.org\/{rel}","templated":true}]}}